{"id":2818,"date":"2017-02-13T15:59:46","date_gmt":"2017-02-13T15:59:46","guid":{"rendered":"http:\/\/connectplus.pasco.k12.fl.us\/do\/fns\/?page_id=2818"},"modified":"2026-02-06T12:24:26","modified_gmt":"2026-02-06T17:24:26","slug":"fns-homepage","status":"publish","type":"page","link":"https:\/\/connectplus.pasco.k12.fl.us\/do\/fns\/","title":{"rendered":"FNS Homepage"},"content":{"rendered":"<p>[et_pb_section fb_built=&#8221;1&#8243; admin_label=&#8221;Section&#8221; _builder_version=&#8221;4.16&#8243; background_color=&#8221;#ffffff&#8221; background_image=&#8221;http:\/\/connectplus.pasco.k12.fl.us\/do\/fns\/wp-content\/uploads\/2017\/02\/Blue-Background.png&#8221; transparent_background=&#8221;off&#8221; make_fullwidth=&#8221;off&#8221; use_custom_width=&#8221;off&#8221; width_unit=&#8221;on&#8221; global_colors_info=&#8221;{}&#8221;][et_pb_row _builder_version=&#8221;4.16&#8243; background_size=&#8221;initial&#8221; background_position=&#8221;top_left&#8221; background_repeat=&#8221;repeat&#8221; make_fullwidth=&#8221;off&#8221; use_custom_width=&#8221;off&#8221; width_unit=&#8221;on&#8221; global_colors_info=&#8221;{}&#8221;][et_pb_column type=&#8221;4_4&#8243; _builder_version=&#8221;4.16&#8243; custom_padding=&#8221;|||&#8221; global_colors_info=&#8221;{}&#8221; custom_padding__hover=&#8221;|||&#8221;][et_pb_image src=&#8221;https:\/\/connectplus.pasco.k12.fl.us\/do\/fns\/wp-content\/uploads\/2025\/07\/image_2025-07-28_084640297.png&#8221; title_text=&#8221;image_2025-07-28_084640297&#8243; url_new_window=&#8221;on&#8221; align=&#8221;center&#8221; align_tablet=&#8221;center&#8221; align_phone=&#8221;&#8221; align_last_edited=&#8221;on|desktop&#8221; admin_label=&#8221;Banner&#8221; _builder_version=&#8221;4.27.4&#8243; animation_style=&#8221;fade&#8221; animation_duration=&#8221;500ms&#8221; custom_css_free_form=&#8221;.selector .et_pb_image_wrap {||  width: 100%;||  overflow: hidden;||}||||.selector .et_pb_image_wrap img {||  width: 100%;||  height: auto;||  object-fit: cover;||}&#8221; animation=&#8221;fade_in&#8221; sticky=&#8221;off&#8221; use_border_color=&#8221;off&#8221; border_color=&#8221;#ffffff&#8221; border_style=&#8221;solid&#8221; global_colors_info=&#8221;{}&#8221;][\/et_pb_image][\/et_pb_column][\/et_pb_row][\/et_pb_section][et_pb_section fb_built=&#8221;1&#8243; _builder_version=&#8221;4.16&#8243; min_height=&#8221;248px&#8221; height=&#8221;605px&#8221; max_height=&#8221;168px&#8221; custom_margin=&#8221;||-84px||false|false&#8221; custom_padding=&#8221;0px||0px||false|false&#8221; global_colors_info=&#8221;{}&#8221;][et_pb_row column_structure=&#8221;1_6,1_6,1_6,1_6,1_6,1_6&#8243; _builder_version=&#8221;4.16&#8243; background_size=&#8221;initial&#8221; background_position=&#8221;top_left&#8221; background_repeat=&#8221;repeat&#8221; custom_padding=&#8221;||0px|||&#8221; global_colors_info=&#8221;{}&#8221;][et_pb_column type=&#8221;1_6&#8243; _builder_version=&#8221;4.16&#8243; global_colors_info=&#8221;{}&#8221;][et_pb_image src=&#8221;https:\/\/connectplus.pasco.k12.fl.us\/do\/fns\/wp-content\/uploads\/2025\/07\/CEP1.png&#8221; alt=&#8221;CEP &#8221; title_text=&#8221;CEP1&#8243; url=&#8221;https:\/\/connectplus.pasco.k12.fl.us\/do\/fns\/cep\/&#8221; url_new_window=&#8221;on&#8221; align_tablet=&#8221;center&#8221; align_phone=&#8221;&#8221; align_last_edited=&#8221;on|desktop&#8221; admin_label=&#8221;CEP Button&#8221; _builder_version=&#8221;4.27.4&#8243; animation_style=&#8221;slide&#8221; animation_direction=&#8221;left&#8221; animation_duration=&#8221;500ms&#8221; animation_intensity_slide=&#8221;10%&#8221; animation=&#8221;left&#8221; sticky=&#8221;off&#8221; use_border_color=&#8221;off&#8221; border_color=&#8221;#ffffff&#8221; border_style=&#8221;solid&#8221; global_colors_info=&#8221;{}&#8221;][\/et_pb_image][et_pb_divider color=&#8221;#14609c&#8221; disabled_on=&#8221;on|on|off&#8221; _builder_version=&#8221;4.27.4&#8243; hide_on_mobile=&#8221;on&#8221; global_colors_info=&#8221;{}&#8221;][\/et_pb_divider][\/et_pb_column][et_pb_column type=&#8221;1_6&#8243; _builder_version=&#8221;4.17.4&#8243; _module_preset=&#8221;default&#8221; global_colors_info=&#8221;{}&#8221;][et_pb_image src=&#8221;https:\/\/connectplus.pasco.k12.fl.us\/do\/fns\/wp-content\/uploads\/2025\/07\/REFUND-2.png&#8221; alt=&#8221;P-EBT FAQ&#8221; title_text=&#8221;REFUND (2)&#8221; url=&#8221;https:\/\/connectplus.pasco.k12.fl.us\/do\/fns\/freereduced\/&#8221; url_new_window=&#8221;on&#8221; align_tablet=&#8221;center&#8221; align_phone=&#8221;&#8221; align_last_edited=&#8221;on|desktop&#8221; admin_label=&#8221;Free &#038; Reduced Button&#8221; _builder_version=&#8221;4.27.4&#8243; animation_style=&#8221;slide&#8221; animation_direction=&#8221;left&#8221; animation_duration=&#8221;500ms&#8221; animation_intensity_slide=&#8221;10%&#8221; animation=&#8221;left&#8221; sticky=&#8221;off&#8221; use_border_color=&#8221;off&#8221; border_color=&#8221;#ffffff&#8221; border_style=&#8221;solid&#8221; global_colors_info=&#8221;{}&#8221;][\/et_pb_image][et_pb_divider color=&#8221;#14609c&#8221; disabled_on=&#8221;on|on|off&#8221; _builder_version=&#8221;4.27.4&#8243; hide_on_mobile=&#8221;on&#8221; global_colors_info=&#8221;{}&#8221;][\/et_pb_divider][\/et_pb_column][et_pb_column type=&#8221;1_6&#8243; _builder_version=&#8221;4.16&#8243; custom_padding=&#8221;|||&#8221; global_colors_info=&#8221;{}&#8221; custom_padding__hover=&#8221;|||&#8221;][et_pb_image src=&#8221;https:\/\/connectplus.pasco.k12.fl.us\/do\/fns\/wp-content\/uploads\/2025\/07\/REFUND-1.png&#8221; alt=&#8221;School Menus&#8221; title_text=&#8221;REFUND (1)&#8221; url=&#8221;https:\/\/schools.mealviewer.com\/district\/pascocounty&#8221; url_new_window=&#8221;on&#8221; align_tablet=&#8221;center&#8221; align_phone=&#8221;&#8221; align_last_edited=&#8221;on|desktop&#8221; admin_label=&#8221;Menus Button&#8221; _builder_version=&#8221;4.27.4&#8243; animation_style=&#8221;slide&#8221; animation_direction=&#8221;left&#8221; animation_duration=&#8221;500ms&#8221; animation_intensity_slide=&#8221;10%&#8221; animation=&#8221;left&#8221; sticky=&#8221;off&#8221; use_border_color=&#8221;off&#8221; border_color=&#8221;#ffffff&#8221; border_style=&#8221;solid&#8221; global_colors_info=&#8221;{}&#8221;][\/et_pb_image][et_pb_divider color=&#8221;#14609c&#8221; disabled_on=&#8221;on|on|off&#8221; _builder_version=&#8221;4.16&#8243; hide_on_mobile=&#8221;on&#8221; global_colors_info=&#8221;{}&#8221;][\/et_pb_divider][\/et_pb_column][et_pb_column type=&#8221;1_6&#8243; _builder_version=&#8221;4.16&#8243; global_colors_info=&#8221;{}&#8221;][et_pb_image src=&#8221;https:\/\/connectplus.pasco.k12.fl.us\/do\/fns\/wp-content\/uploads\/2025\/07\/REFUND-3.png&#8221; alt=&#8221;Vending Program&#8221; title_text=&#8221;REFUND (3)&#8221; url=&#8221;https:\/\/connectplus.pasco.k12.fl.us\/do\/fns\/meal-price\/&#8221; url_new_window=&#8221;on&#8221; admin_label=&#8221;Meal Prices Button&#8221; _builder_version=&#8221;4.27.4&#8243; animation_style=&#8221;slide&#8221; animation_direction=&#8221;left&#8221; animation_duration=&#8221;500ms&#8221; animation_intensity_slide=&#8221;10%&#8221; global_colors_info=&#8221;{}&#8221;][\/et_pb_image][et_pb_divider color=&#8221;#14609c&#8221; disabled_on=&#8221;on|on|off&#8221; _builder_version=&#8221;4.16&#8243; hide_on_mobile=&#8221;on&#8221; global_colors_info=&#8221;{}&#8221;][\/et_pb_divider][\/et_pb_column][et_pb_column type=&#8221;1_6&#8243; _builder_version=&#8221;4.16&#8243; global_colors_info=&#8221;{}&#8221;][et_pb_image src=&#8221;https:\/\/connectplus.pasco.k12.fl.us\/do\/fns\/wp-content\/uploads\/2025\/07\/REFUND.png&#8221; alt=&#8221;Refund Request&#8221; title_text=&#8221;REFUND&#8221; url=&#8221;https:\/\/connectplus.pasco.k12.fl.us\/do\/fns\/refund-request\/&#8221; url_new_window=&#8221;on&#8221; src_tablet=&#8221;&#8221; src_phone=&#8221;&#8221; src_last_edited=&#8221;on|phone&#8221; align_tablet=&#8221;center&#8221; align_phone=&#8221;&#8221; align_last_edited=&#8221;on|desktop&#8221; admin_label=&#8221;Refund Request Button&#8221; _builder_version=&#8221;4.27.4&#8243; animation_style=&#8221;slide&#8221; animation_direction=&#8221;left&#8221; animation_duration=&#8221;500ms&#8221; animation_intensity_slide=&#8221;10%&#8221; animation=&#8221;left&#8221; sticky=&#8221;off&#8221; use_border_color=&#8221;off&#8221; border_color=&#8221;#ffffff&#8221; border_style=&#8221;solid&#8221; global_colors_info=&#8221;{}&#8221;][\/et_pb_image][et_pb_divider color=&#8221;#14609c&#8221; disabled_on=&#8221;on|on|off&#8221; _builder_version=&#8221;4.16&#8243; hide_on_mobile=&#8221;on&#8221; global_colors_info=&#8221;{}&#8221;][\/et_pb_divider][\/et_pb_column][et_pb_column type=&#8221;1_6&#8243; _builder_version=&#8221;4.16&#8243; global_colors_info=&#8221;{}&#8221;][et_pb_image src=&#8221;https:\/\/connectplus.pasco.k12.fl.us\/do\/fns\/wp-content\/uploads\/2025\/07\/VENDING1-1.png&#8221; alt=&#8221;Vending Program&#8221; title_text=&#8221;VENDING1 (1)&#8221; url=&#8221;http:\/\/connectplus.pasco.k12.fl.us\/do\/fns\/?page_id=617&#8243; url_new_window=&#8221;on&#8221; admin_label=&#8221;Vending Button&#8221; _builder_version=&#8221;4.27.4&#8243; animation_style=&#8221;slide&#8221; animation_direction=&#8221;left&#8221; animation_duration=&#8221;500ms&#8221; animation_intensity_slide=&#8221;10%&#8221; global_colors_info=&#8221;{}&#8221;][\/et_pb_image][et_pb_divider color=&#8221;#14609c&#8221; disabled_on=&#8221;on|on|off&#8221; _builder_version=&#8221;4.16&#8243; hide_on_mobile=&#8221;on&#8221; global_colors_info=&#8221;{}&#8221;][\/et_pb_divider][\/et_pb_column][\/et_pb_row][et_pb_row column_structure=&#8221;1_2,1_2&#8243; _builder_version=&#8221;4.27.4&#8243; _module_preset=&#8221;default&#8221; global_colors_info=&#8221;{}&#8221;][et_pb_column type=&#8221;1_2&#8243; _builder_version=&#8221;4.27.4&#8243; _module_preset=&#8221;default&#8221; global_colors_info=&#8221;{}&#8221;][et_pb_code admin_label=&#8221;Pasco County Link&#8221; _builder_version=&#8221;4.27.4&#8243; custom_css_free_form=&#8221;.selector {||  display: flex;||  justify-content: center;||  align-items: center;||}&#8221; global_colors_info=&#8221;{}&#8221;]<a href=\"http:\/\/www.pasco.k12.fl.us\"><img decoding=\"async\" src=\"http:\/\/pascostudentwellness.pasco.k12.fl.us\/wp-content\/uploads\/2017\/02\/Sideways-unofficial-web-logo.png\"><\/a><!-- [et_pb_line_break_holder] -->[\/et_pb_code][\/et_pb_column][et_pb_column type=&#8221;1_2&#8243; _builder_version=&#8221;4.27.4&#8243; _module_preset=&#8221;default&#8221; global_colors_info=&#8221;{}&#8221;][et_pb_social_media_follow url_new_window=&#8221;off&#8221; follow_button=&#8221;on&#8221; admin_label=&#8221;Social Media Follow&#8221; _builder_version=&#8221;4.27.4&#8243; custom_css_free_form=&#8221;.selector {||    text-align: left;||}||||.selector li {||    display: inline-block;||    margin-right: 10px;||}&#8221; border_radii=&#8221;on|100%|100%|100%|100%&#8221; link_shape=&#8221;circle&#8221; global_colors_info=&#8221;{}&#8221;][et_pb_social_media_follow_network social_network=&#8221;facebook&#8221; url=&#8221;https:\/\/www.facebook.com\/pascofns\/?hc_ref=SEARCH&#8221; _builder_version=&#8221;4.27.4&#8243; background_color=&#8221;#3b5998&#8243; bg_color=&#8221;#3b5998&#8243; global_colors_info=&#8221;{}&#8221; follow_button=&#8221;on&#8221; url_new_window=&#8221;off&#8221;] Facebook [\/et_pb_social_media_follow_network][et_pb_social_media_follow_network social_network=&#8221;instagram&#8221; url=&#8221;https:\/\/www.instagram.com\/pascoschoolsfns\/&#8221; _builder_version=&#8221;4.16&#8243; background_color=&#8221;#517fa4&#8243; bg_color=&#8221;#517fa4&#8243; global_colors_info=&#8221;{}&#8221; follow_button=&#8221;on&#8221; url_new_window=&#8221;off&#8221;] Instagram [\/et_pb_social_media_follow_network][et_pb_social_media_follow_network social_network=&#8221;youtube&#8221; url=&#8221;https:\/\/www.youtube.com\/channel\/UCg2EPgrZtxyZPdaprLgSqpQ&#8221; _builder_version=&#8221;4.16&#8243; background_color=&#8221;#a82400&#8243; bg_color=&#8221;#a82400&#8243; global_colors_info=&#8221;{}&#8221; follow_button=&#8221;on&#8221; url_new_window=&#8221;off&#8221;] Youtube [\/et_pb_social_media_follow_network][\/et_pb_social_media_follow][\/et_pb_column][\/et_pb_row][\/et_pb_section][et_pb_section fb_built=&#8221;1&#8243; admin_label=&#8221;section&#8221; _builder_version=&#8221;4.16&#8243; background_color=&#8221;#ffffff&#8221; min_height=&#8221;182px&#8221; custom_margin=&#8221;-116px||-2px||false|false&#8221; custom_padding=&#8221;0px||||false|false&#8221; transparent_background=&#8221;off&#8221; make_fullwidth=&#8221;off&#8221; use_custom_width=&#8221;off&#8221; width_unit=&#8221;on&#8221; global_colors_info=&#8221;{}&#8221;][et_pb_row _builder_version=&#8221;4.27.4&#8243; background_size=&#8221;initial&#8221; background_position=&#8221;top_left&#8221; background_repeat=&#8221;repeat&#8221; width=&#8221;100%&#8221; custom_margin=&#8221;-98px|185px|0px|398px|false|false&#8221; custom_padding=&#8221;0px|||0px|false|false&#8221; global_colors_info=&#8221;{}&#8221;][et_pb_column type=&#8221;4_4&#8243; _builder_version=&#8221;4.16&#8243; custom_padding=&#8221;|||&#8221; global_colors_info=&#8221;{}&#8221; custom_padding__hover=&#8221;|||&#8221;][et_pb_image src=&#8221;https:\/\/connectplus.pasco.k12.fl.us\/do\/fns\/wp-content\/uploads\/2025\/07\/Screenshot-2025-07-14-090312.png&#8221; title_text=&#8221;Screenshot 2025-07-14 090312&#8243; url=&#8221;https:\/\/connectplus.pasco.k12.fl.us\/do\/fns\/wp-content\/uploads\/2025\/07\/CEP-communication-letter_7.7.2025.pdf&#8221; _builder_version=&#8221;4.27.4&#8243; _module_preset=&#8221;default&#8221; custom_css_free_form=&#8221;.selector {||  display: flex;||  justify-content: center;||  align-items: center;||}&#8221; global_colors_info=&#8221;{}&#8221;][\/et_pb_image][et_pb_text _builder_version=&#8221;4.27.4&#8243; _module_preset=&#8221;default&#8221; link_option_url=&#8221;https:\/\/connectplus.pasco.k12.fl.us\/do\/fns\/summer-feeding\/&#8221; global_colors_info=&#8221;{}&#8221;]<\/p>\n<h2>\u00a0<\/h2>\n<h2 style=\"text-align: center;\"><b>For More Information Regarding CEP <span style=\"text-decoration: underline;\"><a href=\"https:\/\/connectplus.pasco.k12.fl.us\/do\/fns\/cep\">Click Here.<\/a><\/span> Additional Questions Can Be Submitted To <span style=\"text-decoration: underline;\"><a href=\"https:\/\/www.k12insight.com\/Lets-Talk\/embed.aspx?L=PR6N7YN7N2FLT\">Lets Talk!\u00a0<\/a><\/span><\/b><\/h2>\n<p>[\/et_pb_text][et_pb_divider color=&#8221;#000000&#8243; disabled_on=&#8221;on|on|off&#8221; _builder_version=&#8221;4.27.4&#8243; height=&#8221;2px&#8221; hide_on_mobile=&#8221;on&#8221; global_colors_info=&#8221;{}&#8221;][\/et_pb_divider][et_pb_image src=&#8221;https:\/\/connectplus.pasco.k12.fl.us\/do\/fns\/wp-content\/uploads\/2021\/08\/CelebrationMenu-Order-Form-Link-2.png&#8221; alt=&#8221;Click Here for Classroom Party Requests&#8221; title_text=&#8221;Click Here for Classroom Party Requests&#8221; url=&#8221;http:\/\/www.pasco.k12.fl.us\/fns\/mform\/view.php?id=289896&#8243; url_new_window=&#8221;on&#8221; align=&#8221;center&#8221; admin_label=&#8221;Image&#8221; _builder_version=&#8221;4.27.4&#8243; module_alignment=&#8221;center&#8221; global_colors_info=&#8221;{}&#8221;][\/et_pb_image][\/et_pb_column][\/et_pb_row][et_pb_row _builder_version=&#8221;4.27.4&#8243; _module_preset=&#8221;default&#8221; global_colors_info=&#8221;{}&#8221;][et_pb_column type=&#8221;4_4&#8243; _builder_version=&#8221;4.27.4&#8243; _module_preset=&#8221;default&#8221; global_colors_info=&#8221;{}&#8221;][et_pb_code admin_label=&#8221;Let&#8217;s Talk Code&#8221; _builder_version=&#8221;4.27.4&#8243; _module_preset=&#8221;default&#8221; global_colors_info=&#8221;{}&#8221;]<\/p>\n<style type=\"text\/css\"><!-- [et_pb_line_break_holder] -->    .pcs_button {margin: 30px 10px 10px 30px; text-align: center}<!-- [et_pb_line_break_holder] -->    .alert-success {color: #155724; background-color: #407B3D; border-color: #c3e6cb}<!-- [et_pb_line_break_holder] -->    .btn {display: inline-block; font-weight: 400; color: #212529; text-align: center; vertical-align: middle; -webkit-user-select: none; -moz-user-select: none; -ms-user-select: none; user-select: none; background-color: transparent; border: 1px solid transparent; padding: .375rem .75rem; font-size: 1rem; line-height: 1.5; border-radius: .25rem; transition: color .15s ease-in-out,background-color .15s ease-in-out,border-color .15s ease-in-out,box-shadow .15s ease-in-out}<!-- [et_pb_line_break_holder] -->    .btn:not(:disabled):not(.disabled) {cursor: pointer;}<!-- [et_pb_line_break_holder] -->    .btn-success {color: #fff; background-color: #407B3D; border-color: #28a745;}<!-- [et_pb_line_break_holder] --><\/style>\n<p><!-- [et_pb_line_break_holder] --><\/p>\n<div style=\"padding: 20px 20px 0px 20px\"><!-- [et_pb_line_break_holder] -->    <\/p>\n<h2 style=\"color: #407B3D; font-size: 1.6rem; font-family: 'Rokkitt', serif;  font-weight: 700\">Questions?<\/h2>\n<p><!-- [et_pb_line_break_holder] -->    <pee style=\"color: #407B3D; font-size: 1.2rem;\">Have a question or want to provide feedback?  You\u2019re in the right place!  Let\u2019s Talk! is designed to streamline communication by giving you a central location to submit a question, concern, or comment. Provide your contact information and we will get back to you very soon.<\/pee><!-- [et_pb_line_break_holder] --><\/div>\n<p><!-- [et_pb_line_break_holder] --><\/p>\n<div style=\"padding-bottom: 20px\"><!-- [et_pb_line_break_holder] -->    <\/p>\n<div class=\"pcs_button\"><!-- [et_pb_line_break_holder] -->        <a class=\"btn btn-success\" href=\"https:\/\/\/\/www.k12insight.com\/Lets-Talk\/embed.aspx?L=PR6N7YN7N2FLT\" role=\"button\">Submit Questions<\/a><!-- [et_pb_line_break_holder] -->    <\/div>\n<p><!-- [et_pb_line_break_holder] --><\/div>\n<p>[\/et_pb_code][\/et_pb_column][\/et_pb_row][et_pb_row column_structure=&#8221;1_3,1_3,1_3&#8243; _builder_version=&#8221;4.16&#8243; background_size=&#8221;initial&#8221; background_position=&#8221;top_left&#8221; background_repeat=&#8221;repeat&#8221; global_colors_info=&#8221;{}&#8221;][et_pb_column type=&#8221;1_3&#8243; _builder_version=&#8221;4.16&#8243; custom_padding=&#8221;|||&#8221; global_colors_info=&#8221;{}&#8221; custom_padding__hover=&#8221;|||&#8221;][\/et_pb_column][et_pb_column type=&#8221;1_3&#8243; _builder_version=&#8221;4.16&#8243; custom_padding=&#8221;|||&#8221; global_colors_info=&#8221;{}&#8221; custom_padding__hover=&#8221;|||&#8221;][et_pb_code admin_label=&#8221;Nondiscrimination Statement&#8221; _builder_version=&#8221;4.17.4&#8243; global_colors_info=&#8221;{}&#8221;]<a style=\"background-color: #ffffff; color: #000000; text-decoration: none;\" title=\"In accordance with Federal Civil Rights law and U.S. Department of Agriculture (USDA) civil rights regulations and policies, this institution is prohibited from discriminating on the basis of race, color, national origin, sex (including gender identity and sexual orientation), disability, age, or reprisal or retaliation for prior civil rights activity.<!-- [et_pb_line_break_holder] --><!-- [et_pb_line_break_holder] -->Program information may be made available in languages other than English. Persons with disabilities who require alternative means of communication to obtain program information (e.g., Braille, large print, audiotape, American Sign Language), should contact the responsible state or local agency that administers the program or USDA\u2019s TARGET Center at (202) 720-2600 (voice and TTY) or contact USDA through the Federal Relay Service at (800) 877-8339.<!-- [et_pb_line_break_holder] --><!-- [et_pb_line_break_holder] -->To file a program discrimination complaint, a Complainant should complete a Form AD-3027, USDA Program Discrimination Complaint Form which can be obtained online at:\u00a0https:\/\/www.usda.gov\/sites\/default\/files\/documents\/USDA-OASCR%20P-Complaint-Form-0508-0002-508-11-28-17Fax2Mail.pdf, from any USDA office, by calling (866) 632-9992, or by writing a letter addressed to USDA. The letter must contain the complainant\u2019s name, address, telephone number, and a written description of the alleged discriminatory action in sufficient detail to inform the Assistant Secretary for Civil Rights (ASCR) about the nature and date of an alleged civil rights violation. The completed AD-3027 form or letter must be submitted to USDA by:<!-- [et_pb_line_break_holder] --><!-- [et_pb_line_break_holder] -->Mail:<!-- [et_pb_line_break_holder] -->U.S. Department of Agriculture<!-- [et_pb_line_break_holder] -->Office of the Assistant Secretary for Civil Rights<!-- [et_pb_line_break_holder] -->1400 Independence Avenue, SW<!-- [et_pb_line_break_holder] -->Washington, D.C. 20250-9410; or<!-- [et_pb_line_break_holder] -->Fax:<!-- [et_pb_line_break_holder] -->(833) 256-1665 or (202) 690-7442; or<!-- [et_pb_line_break_holder] -->Email:<!-- [et_pb_line_break_holder] -->program.intake@usda.gov<!-- [et_pb_line_break_holder] --><!-- [et_pb_line_break_holder] -->\u00a0<!-- [et_pb_line_break_holder] --><!-- [et_pb_line_break_holder] -->This institution is an equal opportunity provider.<!-- [et_pb_line_break_holder] --><!-- [et_pb_line_break_holder] -->&#8221; href=&#8221;http:\/\/connectplus.pasco.k12.fl.us\/do\/fns\/?page_id=2348&#8243;>Nondiscrimination Statement<\/a><!-- [et_pb_line_break_holder] --><!-- [et_pb_line_break_holder] -->[\/et_pb_code][\/et_pb_column][et_pb_column type=&#8221;1_3&#8243; _builder_version=&#8221;4.16&#8243; custom_padding=&#8221;|||&#8221; global_colors_info=&#8221;{}&#8221; custom_padding__hover=&#8221;|||&#8221;][et_pb_code admin_label=&#8221;Legal Notice&#8221; _builder_version=&#8221;4.16&#8243; global_colors_info=&#8221;{}&#8221;]<a style=\"background-color: #ffffff; color: #000000; text-decoration: none;\" title=\"Legal Notice: Parents, students, and employees should regularly visit the public registry to review it for individuals who may have prior criminal records and sex offenses. Information concerning registered sex offenders and predators in Florida may be obtained by visiting, the Florida Department of Law Enforcement Sexual Offenders database. Information may also be obtained by contacting the FDLE\u2019s toll free telephone number: 1-888-FL-PREDATOR (1-888-357-7332).<!-- [et_pb_line_break_holder] --><!-- [et_pb_line_break_holder] -->Legal Notice: Under Florida law, email addresses are public records. If you do not want your email address released in response to a public records request, do not send electronic mail to this entity. Instead, contact this office by phone or in writing. The District School Board of Pasco County is System Accredited by AdvancED\/Southern Association of Colleges and Schools.<!-- [et_pb_line_break_holder] -->Kurt S. Browning, Superintendent of Schools<!-- [et_pb_line_break_holder] -->Unless otherwise noted, content copyright \u00a92014 Pasco County Schools. All rights reserved.&#8221; href=&#8221; &#8220;>Legal Notices<\/a>[\/et_pb_code][\/et_pb_column][\/et_pb_row][et_pb_row _builder_version=&#8221;4.27.4&#8243; _module_preset=&#8221;default&#8221;][et_pb_column _builder_version=&#8221;4.27.4&#8243; _module_preset=&#8221;default&#8221; type=&#8221;4_4&#8243;][et_pb_text _builder_version=&#8221;4.27.4&#8243; _module_preset=&#8221;default&#8221; hover_enabled=&#8221;0&#8243; sticky_enabled=&#8221;0&#8243;]<\/p>\n<table border=\"1\" style=\"border-collapse: collapse; width: 100%;\">\n<tbody>\n<tr>\n<td style=\"width: 20%;\">If you have difficulty understanding English or have a disability, free language assistance or other aids and services are available upon request. Please call: (813)-794-2439<\/td>\n<td style=\"width: 20%;\">Si tiene dificultades para entender la lengua inglesa o presenta una discapacidad, puede solicitar asistencia ling\u00fc\u00edstica y otros tipos de ayuda y servicios sin coste alguno. Llame al siguiente n\u00famero de tel\u00e9fono: (813)-794-2439<\/td>\n<td style=\"width: 20%;\">Si ou gen difikilte pou konprann angl\u00e8 oswa ou gen yon andikap, asistans lengwistik gratis oswa l\u00f2t \u00e8d ak s\u00e8vis disponib sou demann. Tanpri rele: (813)-794-2439<\/td>\n<td style=\"width: 20%;\">N\u1ebfu qu\u00fd v\u1ecb g\u1eb7p kh\u00f3 kh\u0103n trong vi\u1ec7c hi\u1ec3u ti\u1ebfng Anh ho\u1eb7c b\u1ecb khuy\u1ebft t\u1eadt, h\u1ed7 tr\u1ee3 ng\u00f4n ng\u1eef mi\u1ec5n ph\u00ed ho\u1eb7c c\u00e1c h\u1ed7 tr\u1ee3 v\u00e0 d\u1ecbch v\u1ee5 kh\u00e1c \u0111\u01b0\u1ee3c cung c\u1ea5p theo y\u00eau c\u1ea7u. Xin g\u1ecdi: (813)-794-2439<\/td>\n<td style=\"width: 20%;\">\u0395\u03ac\u03bd \u03b4\u03c5\u03c3\u03ba\u03bf\u03bb\u03b5\u03cd\u03b5\u03c3\u03c4\u03b5 \u03bd\u03b1 \u03ba\u03b1\u03c4\u03b1\u03bd\u03bf\u03ae\u03c3\u03b5\u03c4\u03b5 \u03c4\u03b7\u03bd \u03b1\u03b3\u03b3\u03bb\u03b9\u03ba\u03ae \u03b3\u03bb\u03ce\u03c3\u03c3\u03b1 \u03ae \u03ad\u03c7\u03b5\u03c4\u03b5 \u03b1\u03bd\u03b1\u03c0\u03b7\u03c1\u03af\u03b1, \u03b4\u03b9\u03b1\u03c4\u03af\u03b8\u03b5\u03bd\u03c4\u03b1\u03b9 \u03b4\u03c9\u03c1\u03b5\u03ac\u03bd \u03b3\u03bb\u03c9\u03c3\u03c3\u03b9\u03ba\u03ae \u03b2\u03bf\u03ae\u03b8\u03b5\u03b9\u03b1 \u03ae \u03ac\u03bb\u03bb\u03b1 \u03b2\u03bf\u03b7\u03b8\u03ae\u03bc\u03b1\u03c4\u03b1 \u03ba\u03b1\u03b9 \u03c5\u03c0\u03b7\u03c1\u03b5\u03c3\u03af\u03b5\u03c2 \u03ba\u03b1\u03c4\u03cc\u03c0\u03b9\u03bd \u03b1\u03b9\u03c4\u03ae\u03bc\u03b1\u03c4\u03bf\u03c2. \u03a0\u03b1\u03c1\u03b1\u03ba\u03b1\u03bb\u03bf\u03cd\u03bc\u03b5 \u03ba\u03b1\u03bb\u03ad\u03c3\u03c4\u03b5: (813)-794-2439<\/td>\n<\/tr>\n<\/tbody>\n<\/table>\n<p>&nbsp;<\/p>\n<p>[\/et_pb_text][\/et_pb_column][\/et_pb_row][\/et_pb_section]<\/p>\n","protected":false},"excerpt":{"rendered":"<p>\u00a0 For More Information Regarding CEP Click Here. Additional Questions Can Be Submitted To Lets Talk!\u00a0<\/p>\n","protected":false},"author":1,"featured_media":0,"parent":0,"menu_order":0,"comment_status":"closed","ping_status":"closed","template":"","meta":{"_et_pb_use_builder":"on","_et_pb_old_content":"","_et_gb_content_width":"","footnotes":""},"class_list":["post-2818","page","type-page","status-publish","hentry"],"_links":{"self":[{"href":"https:\/\/connectplus.pasco.k12.fl.us\/do\/fns\/wp-json\/wp\/v2\/pages\/2818","targetHints":{"allow":["GET"]}}],"collection":[{"href":"https:\/\/connectplus.pasco.k12.fl.us\/do\/fns\/wp-json\/wp\/v2\/pages"}],"about":[{"href":"https:\/\/connectplus.pasco.k12.fl.us\/do\/fns\/wp-json\/wp\/v2\/types\/page"}],"author":[{"embeddable":true,"href":"https:\/\/connectplus.pasco.k12.fl.us\/do\/fns\/wp-json\/wp\/v2\/users\/1"}],"replies":[{"embeddable":true,"href":"https:\/\/connectplus.pasco.k12.fl.us\/do\/fns\/wp-json\/wp\/v2\/comments?post=2818"}],"version-history":[{"count":228,"href":"https:\/\/connectplus.pasco.k12.fl.us\/do\/fns\/wp-json\/wp\/v2\/pages\/2818\/revisions"}],"predecessor-version":[{"id":10001,"href":"https:\/\/connectplus.pasco.k12.fl.us\/do\/fns\/wp-json\/wp\/v2\/pages\/2818\/revisions\/10001"}],"wp:attachment":[{"href":"https:\/\/connectplus.pasco.k12.fl.us\/do\/fns\/wp-json\/wp\/v2\/media?parent=2818"}],"curies":[{"name":"wp","href":"https:\/\/api.w.org\/{rel}","templated":true}]}}